{"id":257,"date":"2021-03-19T09:28:12","date_gmt":"2021-03-19T09:28:12","guid":{"rendered":"https:\/\/aslinegumruk.com\/?page_id=257"},"modified":"2022-05-05T12:12:56","modified_gmt":"2022-05-05T12:12:56","slug":"hakkimizda","status":"publish","type":"page","link":"https:\/\/aslinegumruk.com\/index.php\/hakkimizda\/","title":{"rendered":"Hakk\u0131m\u0131zda"},"content":{"rendered":"\t\t<div data-elementor-type=\"wp-page\" data-elementor-id=\"257\" class=\"elementor elementor-257\" data-elementor-settings=\"[]\">\n\t\t\t\t\t\t\t<div class=\"elementor-section-wrap\">\n\t\t\t\t\t\t\t<section class=\"elementor-section elementor-top-section elementor-element elementor-element-d52d1bb elementor-section-full_width elementor-section-height-min-height elementor-section-height-default elementor-section-items-middle\" data-id=\"d52d1bb\" data-element_type=\"section\" data-settings=\"{&quot;background_background&quot;:&quot;classic&quot;}\">\n\t\t\t\t\t\t<div class=\"elementor-container elementor-column-gap-default\">\n\t\t\t\t\t<div class=\"elementor-column elementor-col-100 elementor-top-column elementor-element elementor-element-f389f84\" data-id=\"f389f84\" data-element_type=\"column\">\n\t\t\t<div class=\"elementor-widget-wrap elementor-element-populated\">\n\t\t\t\t\t\t\t\t<div class=\"elementor-element elementor-element-501c6b7 elementor-widget elementor-widget-heading\" data-id=\"501c6b7\" data-element_type=\"widget\" data-widget_type=\"heading.default\">\n\t\t\t\t<div class=\"elementor-widget-container\">\n\t\t\t<h1 class=\"elementor-heading-title elementor-size-default\">HAKKIMIZDA<\/h1>\t\t<\/div>\n\t\t\t\t<\/div>\n\t\t\t\t\t<\/div>\n\t\t<\/div>\n\t\t\t\t\t\t\t<\/div>\n\t\t<\/section>\n\t\t\t\t<section class=\"elementor-section elementor-top-section elementor-element elementor-element-1fd43a1 elementor-section-boxed elementor-section-height-default elementor-section-height-default\" data-id=\"1fd43a1\" data-element_type=\"section\">\n\t\t\t\t\t\t<div class=\"elementor-container elementor-column-gap-default\">\n\t\t\t\t\t<div class=\"elementor-column elementor-col-100 elementor-top-column elementor-element elementor-element-4df0f20\" data-id=\"4df0f20\" data-element_type=\"column\">\n\t\t\t<div class=\"elementor-widget-wrap elementor-element-populated\">\n\t\t\t\t\t\t\t\t<div class=\"elementor-element elementor-element-5cb9b61 elementor-widget elementor-widget-text-editor\" data-id=\"5cb9b61\" data-element_type=\"widget\" data-widget_type=\"text-editor.default\">\n\t\t\t\t<div class=\"elementor-widget-container\">\n\t\t\t\t\t<div class=\"elementor-text-editor elementor-clearfix\"><p><b>Asline G\u00fcmr\u00fck M\u00fc\u015favirli\u011fi <\/b>15 senelik mesleki tecr\u00fcbenin getirdi\u011fi Birikimle sekt\u00f6r \u00f6nde gelen \u015firketlerinde g\u00f6rev alm\u0131\u015f G\u00fcmr\u00fck M\u00fc\u015faviri\u00a0 Abdullah SUNA taraf\u0131ndan kurulmu\u015ftur.Firmam\u0131z\u0131n Tek misyonu ve G\u00f6revi D\u0131\u015f ticaret ile u\u011fra\u015fan Firmalar\u0131n etkin,Kesintisiz ve d\u00fcr\u00fcst G\u00fcmr\u00fck m\u00fc\u015favirli\u011fi hizmeti almas\u0131n\u0131n yan\u0131 s\u0131ra bu hizmet anlay\u0131\u015f\u0131n\u0131n etkin ve a\u00e7\u0131k Fiyat politikas\u0131 ile desteklenmesidir. Ofisimiz Mersin Liman kar\u015f\u0131s\u0131nda<span style=\"color: var( --e-global-color-text ); font-family: var( --e-global-typography-text-font-family ), Sans-serif; font-weight: var( --e-global-typography-text-font-weight ); background-color: var(--nv-site-bg); letter-spacing: 0px;\">\u00a0olup gerek nakliyeciler gerekse G\u00fcmr\u00fcklerle olan evrak al\u0131\u015fveri\u015fini h\u0131zla sa\u011flamakta, G\u00fcmr\u00fck beyannamelerini ofisten tescil etmektedir \u0130stanbul ,\u0130zmit ve Mersin&#8217;de Bulunan G\u00fcmr\u00fck idarelerinde Hizmet vermekteyiz. \u015eu an Hizmet verdi\u011fimiz sekt\u00f6rler aras\u0131nda Rulman \u0130thalat\u0131,Tekstil ve Deri Kimyasal\u0131 \u0130thalat\u0131,Pompa \u0130thalat\u0131,Gemi ve Tekne Malzemeleri \u0130thalat\u0131,Madeni ya\u011f \u0130hracat\u0131,S\u0131v\u0131 G\u00fcbre \u0130thalat\u0131,Makine ithalat\u0131 olarak say\u0131labilir. G\u00fcmr\u00fck M\u00fc\u015faviri D\u0131\u015f ticaret i\u015flemlerinin en \u00f6nemli enstr\u00fcman\u0131d\u0131r.<\/span><\/p><\/div>\n\t\t\t\t<\/div>\n\t\t\t\t<\/div>\n\t\t\t\t\t<\/div>\n\t\t<\/div>\n\t\t\t\t\t\t\t<\/div>\n\t\t<\/section>\n\t\t\t\t\t\t<\/div>\n\t\t\t\t\t<\/div>\n\t\t","protected":false},"excerpt":{"rendered":"<p>HAKKIMIZDA Asline G\u00fcmr\u00fck M\u00fc\u015favirli\u011fi 15 senelik mesleki tecr\u00fcbenin getirdi\u011fi Birikimle sekt\u00f6r \u00f6nde gelen \u015firketlerinde g\u00f6rev alm\u0131\u015f G\u00fcmr\u00fck M\u00fc\u015faviri\u00a0 Abdullah SUNA taraf\u0131ndan kurulmu\u015ftur.Firmam\u0131z\u0131n Tek misyonu ve G\u00f6revi D\u0131\u015f ticaret ile u\u011fra\u015fan Firmalar\u0131n etkin,Kesintisiz ve d\u00fcr\u00fcst G\u00fcmr\u00fck m\u00fc\u015favirli\u011fi hizmeti almas\u0131n\u0131n yan\u0131 s\u0131ra bu hizmet anlay\u0131\u015f\u0131n\u0131n etkin ve a\u00e7\u0131k Fiyat politikas\u0131 ile desteklenmesidir. Ofisimiz Mersin Liman kar\u015f\u0131s\u0131nda\u00a0olup gerek&hellip;&nbsp;<a href=\"https:\/\/aslinegumruk.com\/index.php\/hakkimizda\/\" class=\"\" rel=\"bookmark\">Daha fazlas\u0131n\u0131 oku &raquo;<span class=\"screen-reader-text\">Hakk\u0131m\u0131zda<\/span><\/a><\/p>\n","protected":false},"author":1,"featured_media":0,"parent":0,"menu_order":0,"comment_status":"closed","ping_status":"closed","template":"templates\/builder-fullwidth-std.php","meta":{"neve_meta_sidebar":"full-width","neve_meta_container":"","neve_meta_enable_content_width":"on","neve_meta_content_width":100,"neve_meta_title_alignment":"","neve_meta_author_avatar":"","neve_post_elements_order":"","neve_meta_disable_header":"","neve_meta_disable_footer":"","neve_meta_disable_title":"on"},"_links":{"self":[{"href":"https:\/\/aslinegumruk.com\/index.php\/wp-json\/wp\/v2\/pages\/257"}],"collection":[{"href":"https:\/\/aslinegumruk.com\/index.php\/wp-json\/wp\/v2\/pages"}],"about":[{"href":"https:\/\/aslinegumruk.com\/index.php\/wp-json\/wp\/v2\/types\/page"}],"author":[{"embeddable":true,"href":"https:\/\/aslinegumruk.com\/index.php\/wp-json\/wp\/v2\/users\/1"}],"replies":[{"embeddable":true,"href":"https:\/\/aslinegumruk.com\/index.php\/wp-json\/wp\/v2\/comments?post=257"}],"version-history":[{"count":11,"href":"https:\/\/aslinegumruk.com\/index.php\/wp-json\/wp\/v2\/pages\/257\/revisions"}],"predecessor-version":[{"id":346,"href":"https:\/\/aslinegumruk.com\/index.php\/wp-json\/wp\/v2\/pages\/257\/revisions\/346"}],"wp:attachment":[{"href":"https:\/\/aslinegumruk.com\/index.php\/wp-json\/wp\/v2\/media?parent=257"}],"curies":[{"name":"wp","href":"https:\/\/api.w.org\/{rel}","templated":true}]}}